{"id":7,"date":"2021-05-17T06:59:53","date_gmt":"2021-05-17T06:59:53","guid":{"rendered":"https:\/\/habitatlimpio.com.ar\/index.php\/about-us\/"},"modified":"2024-09-02T23:42:06","modified_gmt":"2024-09-02T23:42:06","slug":"about-us","status":"publish","type":"page","link":"https:\/\/habitatlimpio.com.ar\/index.php\/about-us\/","title":{"rendered":"Acerca de Nosotros"},"content":{"rendered":"\n<div class=\"inherit-container-width wp-block-group alignfull has-ast-global-color-5-background-color has-background is-layout-constrained wp-block-group-is-layout-constrained\" style=\"border-radius:0px\">\n<div class=\"wp-block-columns is-layout-flex wp-container-core-columns-is-layout-28f84493 wp-block-columns-is-layout-flex\">\n<div class=\"wp-block-column is-layout-flow wp-block-column-is-layout-flow\" style=\"flex-basis:100%\">\n<div class=\"inherit-container-width wp-block-group is-layout-constrained wp-block-group-is-layout-constrained\">\n<div style=\"height:3px\" aria-hidden=\"true\" class=\"wp-block-spacer\"><\/div>\n<\/div>\n<\/div>\n<\/div>\n\n\n\n<div class=\"wp-block-columns alignfull are-vertically-aligned-center is-layout-flex wp-container-core-columns-is-layout-28f84493 wp-block-columns-is-layout-flex\">\n<div class=\"wp-block-column is-layout-flow wp-block-column-is-layout-flow\" style=\"flex-basis:29%\">\n<figure class=\"wp-block-image is-resized\"><img loading=\"lazy\" decoding=\"async\" width=\"685\" height=\"1024\" src=\"https:\/\/habitatlimpio.com.ar\/wp-content\/uploads\/2022\/08\/pexels-pixabay-209271-685x1024.jpg\" alt=\"\" class=\"wp-image-1253\" style=\"width:386px;height:577px\" srcset=\"https:\/\/habitatlimpio.com.ar\/wp-content\/uploads\/2022\/08\/pexels-pixabay-209271-685x1024.jpg 685w, https:\/\/habitatlimpio.com.ar\/wp-content\/uploads\/2022\/08\/pexels-pixabay-209271-201x300.jpg 201w, https:\/\/habitatlimpio.com.ar\/wp-content\/uploads\/2022\/08\/pexels-pixabay-209271-768x1147.jpg 768w, https:\/\/habitatlimpio.com.ar\/wp-content\/uploads\/2022\/08\/pexels-pixabay-209271-1028x1536.jpg 1028w, https:\/\/habitatlimpio.com.ar\/wp-content\/uploads\/2022\/08\/pexels-pixabay-209271-1371x2048.jpg 1371w, https:\/\/habitatlimpio.com.ar\/wp-content\/uploads\/2022\/08\/pexels-pixabay-209271-scaled.jpg 1714w\" sizes=\"auto, (max-width: 685px) 100vw, 685px\" \/><\/figure>\n<\/div>\n\n\n\n<div class=\"wp-block-column is-layout-flow wp-block-column-is-layout-flow\" style=\"flex-basis:71%\">\n<h4 class=\"wp-block-heading has-text-align-center animated bounceIn delay-500ms slower has-text-color has-large-font-size\" style=\"color:#8491b1\">Poner el foco en nuestras responsabilidades te permitir\u00e1 obtener la tranquilidad necesaria para el manejo de tus actividades.<\/h4>\n\n\n\n<div style=\"height:16px\" aria-hidden=\"true\" class=\"wp-block-spacer\"><\/div>\n\n\n\n<p class=\"has-text-align-center animated backInRight delay-1s slower has-text-color has-medium-font-size\" style=\"color:#8491b1\">En H\u00e1bitat Limpio tenemos la <strong>misi\u00f3n<\/strong> de proveer bienestar y tranquilidad a quienes conf\u00edan en nuestro trabajo. Ofrecemos servicios profesionales para cualquier tipo de organizaci\u00f3n mediante un trato cordial y directo.         <strong>Ayudamos<\/strong> para que puedas enfocarte en las actividades estrat\u00e9gicas e indispensables de tu negocio o actividad.<\/p>\n\n\n\n<p class=\"has-text-align-center animated backInRight delay-1s slower has-text-color has-medium-font-size\" style=\"color:#8491b1\"><strong>HL cree en la palabra<\/strong>, t\u00fa decides hasta cu\u00e1ndo y c\u00f3mo trabajamos. De esta manera garantizamos un servicio esmerado todos los d\u00edas, reafirmando as\u00ed, nuestra premisa de <strong>actitud en higiene y servicio.<\/strong><\/p>\n\n\n\n<p class=\"has-text-align-center animated backInRight slower delay-1s has-text-color has-medium-font-size\" style=\"color:#8491b1\"><strong>Utilizamos<\/strong> productos y elementos de Primera Calidad para la higiene de cada \u00e1rea tratada, priorizando el cuidado, la desinfecci\u00f3n y aromatizaci\u00f3n de los espacios.<\/p>\n<\/div>\n\n\n\n<div class=\"wp-block-column is-layout-flow wp-block-column-is-layout-flow\" style=\"flex-basis:1%\"><\/div>\n<\/div>\n<\/div>\n\n\n\n<div class=\"inherit-container-width wp-block-group alignfull has-background is-layout-constrained wp-block-group-is-layout-constrained\" style=\"background:linear-gradient(135deg,rgb(3,3,129) 9%,rgb(40,116,252) 29%)\">\n<div class=\"wp-block-media-text alignfull has-media-on-the-right is-stacked-on-mobile is-vertically-aligned-top is-image-fill has-text-color has-background has-link-color wp-elements-d43cda6c3735019a252c397f5087e5e9\" style=\"color:#fffdc7;background:linear-gradient(43deg,rgb(3,3,130) 0%,rgb(40,116,252) 39%);grid-template-columns:auto 47%\"><div class=\"wp-block-media-text__content\">\n<div class=\"inherit-container-width wp-block-group has-link-color wp-elements-a2ba47dc37a6acfc0eaeb548eef93c07 is-layout-constrained wp-container-core-group-is-layout-e0d25d7f wp-block-group-is-layout-constrained\" style=\"padding-top:2em;padding-right:2em;padding-bottom:2em;padding-left:2em\">\n<h2 class=\"wp-block-heading has-text-align-center animated zoomInDown slower has-text-color\" style=\"color:#84fcf8;font-size:39px;font-weight:700;line-height:1.15\">Queremos tu Tranquilidad!<\/h2>\n<\/div>\n<\/div><figure class=\"wp-block-media-text__media\" style=\"background-image:url(https:\/\/habitatlimpio.com.ar\/wp-content\/uploads\/2022\/08\/office-desk-man-business-6952919-1024x682.jpg);background-position:54% 44%\"><img loading=\"lazy\" decoding=\"async\" width=\"1024\" height=\"682\" src=\"https:\/\/habitatlimpio.com.ar\/wp-content\/uploads\/2022\/08\/office-desk-man-business-6952919-1024x682.jpg\" alt=\"office desk, man, business-6952919.jpg\" class=\"wp-image-1335 size-full\" srcset=\"https:\/\/habitatlimpio.com.ar\/wp-content\/uploads\/2022\/08\/office-desk-man-business-6952919-1024x682.jpg 1024w, https:\/\/habitatlimpio.com.ar\/wp-content\/uploads\/2022\/08\/office-desk-man-business-6952919-300x200.jpg 300w, https:\/\/habitatlimpio.com.ar\/wp-content\/uploads\/2022\/08\/office-desk-man-business-6952919-768x512.jpg 768w, https:\/\/habitatlimpio.com.ar\/wp-content\/uploads\/2022\/08\/office-desk-man-business-6952919.jpg 1280w\" sizes=\"auto, (max-width: 1024px) 100vw, 1024px\" \/><\/figure><\/div>\n\n\n\n<div style=\"height:5px\" aria-hidden=\"true\" class=\"wp-block-spacer\"><\/div>\n\n\n\n<p class=\"has-text-align-center animated flipInX delay-1s slow has-white-color has-text-color\" style=\"font-size:25px\">En servicios de contrataci\u00f3n con abono mensual ofrecemos <strong>supervisiones constantes<em>,<\/em><\/strong> esto no solo asegura un feedback con los clientes sobre sus nuevas necesidades, sino que, adem\u00e1s, permite redireccionar nuestros procesos de trabajo a fin de cumplir con los objetivos acordados. Esta tarea convierte a H\u00e1bitat Limpio en una <strong>garant\u00eda de resultados.<\/strong><\/p>\n\n\n\n<div class=\"wp-block-columns alignwide is-layout-flex wp-container-core-columns-is-layout-28f84493 wp-block-columns-is-layout-flex\">\n<div class=\"wp-block-column is-layout-flow wp-block-column-is-layout-flow\">\n<figure class=\"wp-block-image size-large\"><img loading=\"lazy\" decoding=\"async\" width=\"683\" height=\"1024\" src=\"https:\/\/habitatlimpio.com.ar\/wp-content\/uploads\/2022\/08\/pexels-jonathan-borba-3144581-683x1024.jpg\" alt=\"\" class=\"wp-image-1296\" srcset=\"https:\/\/habitatlimpio.com.ar\/wp-content\/uploads\/2022\/08\/pexels-jonathan-borba-3144581-683x1024.jpg 683w, https:\/\/habitatlimpio.com.ar\/wp-content\/uploads\/2022\/08\/pexels-jonathan-borba-3144581-200x300.jpg 200w, https:\/\/habitatlimpio.com.ar\/wp-content\/uploads\/2022\/08\/pexels-jonathan-borba-3144581-scaled.jpg 1707w\" sizes=\"auto, (max-width: 683px) 100vw, 683px\" \/><\/figure>\n\n\n\n<h4 class=\"wp-block-heading has-text-align-center animated zoomIn has-white-color has-text-color\">Calidad Garantizada<\/h4>\n\n\n\n<p class=\"has-text-align-center has-white-color has-text-color has-medium-font-size\">En un ambiente limpio y saludable se trabaja mejor y aumenta la productividad. Nos enfocamos en una mejora continua de las tareas que realizamos mediante el seguimiento, supervisi\u00f3n y reporte de los clientes.<\/p>\n<\/div>\n\n\n\n<div class=\"wp-block-column is-layout-flow wp-block-column-is-layout-flow\">\n<figure class=\"wp-block-image size-large\"><img loading=\"lazy\" decoding=\"async\" width=\"683\" height=\"1024\" src=\"https:\/\/habitatlimpio.com.ar\/wp-content\/uploads\/2022\/08\/pexels-liliana-drew-9462614-683x1024.jpg\" alt=\"\" class=\"wp-image-1293\" srcset=\"https:\/\/habitatlimpio.com.ar\/wp-content\/uploads\/2022\/08\/pexels-liliana-drew-9462614-683x1024.jpg 683w, https:\/\/habitatlimpio.com.ar\/wp-content\/uploads\/2022\/08\/pexels-liliana-drew-9462614-200x300.jpg 200w, https:\/\/habitatlimpio.com.ar\/wp-content\/uploads\/2022\/08\/pexels-liliana-drew-9462614-scaled.jpg 1707w\" sizes=\"auto, (max-width: 683px) 100vw, 683px\" \/><\/figure>\n\n\n\n<h4 class=\"wp-block-heading has-text-align-center animated zoomIn  has-white-color has-text-color\">Confianza y Trabajo en Equipo <\/h4>\n\n\n\n<p class=\"has-text-align-center has-white-color has-text-color has-medium-font-size\">Contamos con personal conformado  por personas capaces y enfocadas en brindar un trabajo de excelencia. Con planes de trabajo adecuados y  coordinados para no interferir en sus actividades diarias.<\/p>\n<\/div>\n\n\n\n<div class=\"wp-block-column is-layout-constrained wp-block-column-is-layout-constrained\">\n<figure class=\"wp-block-image size-large is-resized has-custom-border is-style-default\"><img loading=\"lazy\" decoding=\"async\" width=\"683\" height=\"1024\" src=\"https:\/\/habitatlimpio.com.ar\/wp-content\/uploads\/2022\/08\/vidrios-2-683x1024.jpg\" alt=\"\" class=\"wp-image-1292\" style=\"border-radius:0px;aspect-ratio:0.6671348314606742;width:485px;height:auto\" srcset=\"https:\/\/habitatlimpio.com.ar\/wp-content\/uploads\/2022\/08\/vidrios-2-683x1024.jpg 683w, https:\/\/habitatlimpio.com.ar\/wp-content\/uploads\/2022\/08\/vidrios-2-200x300.jpg 200w, https:\/\/habitatlimpio.com.ar\/wp-content\/uploads\/2022\/08\/vidrios-2-scaled.jpg 1707w\" sizes=\"auto, (max-width: 683px) 100vw, 683px\" \/><\/figure>\n\n\n\n<h4 class=\"wp-block-heading has-text-align-center animated zoomIn  has-white-color has-text-color\">Cuidado y Detalles<\/h4>\n\n\n\n<p class=\"has-text-align-center has-white-color has-text-color has-medium-font-size\">Abocamos nuestras tareas no solo a conseguir resultados atendiendo los detalles sino que adem\u00e1s utilizamos productos y elementos que cuidan y prolongan la vida \u00fatil de las superficies a tratar.<\/p>\n<\/div>\n<\/div>\n<\/div>\n\n\n\n<div style=\"height:37px\" aria-hidden=\"true\" class=\"wp-block-spacer\"><\/div>\n\n\n\n<div class=\"wp-block-buttons is-layout-flex wp-block-buttons-is-layout-flex\">\n<div class=\"wp-block-button aligncenter\"><a class=\"wp-block-button__link has-background wp-element-button\" href=\"https:\/\/habitatlimpio.com.ar\/\" style=\"background-color:#06f3f1f2\">volver a inicio<\/a><\/div>\n<\/div>\n\n\n\n<div style=\"height:37px\" aria-hidden=\"true\" class=\"wp-block-spacer\"><\/div>\n","protected":false},"excerpt":{"rendered":"<p>Poner el foco en nuestras responsabilidades te permitir\u00e1 obtener la tranquilidad necesaria para el manejo de tus actividades. En H\u00e1bitat Limpio tenemos la misi\u00f3n de proveer bienestar y tranquilidad a quienes conf\u00edan en nuestro trabajo. Ofrecemos servicios profesionales para cualquier tipo de organizaci\u00f3n mediante un trato cordial y directo. Ayudamos para que puedas enfocarte en [&hellip;]<\/p>\n","protected":false},"author":1,"featured_media":0,"parent":0,"menu_order":0,"comment_status":"closed","ping_status":"closed","template":"","meta":{"site-sidebar-layout":"no-sidebar","site-content-layout":"plain-container","ast-site-content-layout":"normal-width-container","site-content-style":"unboxed","site-sidebar-style":"unboxed","ast-global-header-display":"","ast-banner-title-visibility":"","ast-main-header-display":"","ast-hfb-above-header-display":"","ast-hfb-below-header-display":"","ast-hfb-mobile-header-display":"","site-post-title":"disabled","ast-breadcrumbs-content":"","ast-featured-img":"","footer-sml-layout":"","theme-transparent-header-meta":"default","adv-header-id-meta":"","stick-header-meta":"","header-above-stick-meta":"","header-main-stick-meta":"","header-below-stick-meta":"","astra-migrate-meta-layouts":"set","ast-page-background-enabled":"default","ast-page-background-meta":{"desktop":{"background-color":"var(--ast-global-color-4)","background-image":"","background-repeat":"repeat","background-position":"center center","background-size":"auto","background-attachment":"scroll","background-type":"","background-media":"","overlay-type":"","overlay-color":"","overlay-gradient":""},"tablet":{"background-color":"","background-image":"","background-repeat":"repeat","background-position":"center center","background-size":"auto","background-attachment":"scroll","background-type":"","background-media":"","overlay-type":"","overlay-color":"","overlay-gradient":""},"mobile":{"background-color":"","background-image":"","background-repeat":"repeat","background-position":"center center","background-size":"auto","background-attachment":"scroll","background-type":"","background-media":"","overlay-type":"","overlay-color":"","overlay-gradient":""}},"ast-content-background-meta":{"desktop":{"background-color":"var(--ast-global-color-5)","background-image":"","background-repeat":"repeat","background-position":"center center","background-size":"auto","background-attachment":"scroll","background-type":"","background-media":"","overlay-type":"","overlay-color":"","overlay-gradient":""},"tablet":{"background-color":"var(--ast-global-color-5)","background-image":"","background-repeat":"repeat","background-position":"center center","background-size":"auto","background-attachment":"scroll","background-type":"","background-media":"","overlay-type":"","overlay-color":"","overlay-gradient":""},"mobile":{"background-color":"var(--ast-global-color-5)","background-image":"","background-repeat":"repeat","background-position":"center center","background-size":"auto","background-attachment":"scroll","background-type":"","background-media":"","overlay-type":"","overlay-color":"","overlay-gradient":""}},"footnotes":""},"class_list":["post-7","page","type-page","status-publish","hentry"],"_links":{"self":[{"href":"https:\/\/habitatlimpio.com.ar\/index.php\/wp-json\/wp\/v2\/pages\/7","targetHints":{"allow":["GET"]}}],"collection":[{"href":"https:\/\/habitatlimpio.com.ar\/index.php\/wp-json\/wp\/v2\/pages"}],"about":[{"href":"https:\/\/habitatlimpio.com.ar\/index.php\/wp-json\/wp\/v2\/types\/page"}],"author":[{"embeddable":true,"href":"https:\/\/habitatlimpio.com.ar\/index.php\/wp-json\/wp\/v2\/users\/1"}],"replies":[{"embeddable":true,"href":"https:\/\/habitatlimpio.com.ar\/index.php\/wp-json\/wp\/v2\/comments?post=7"}],"version-history":[{"count":65,"href":"https:\/\/habitatlimpio.com.ar\/index.php\/wp-json\/wp\/v2\/pages\/7\/revisions"}],"predecessor-version":[{"id":2009,"href":"https:\/\/habitatlimpio.com.ar\/index.php\/wp-json\/wp\/v2\/pages\/7\/revisions\/2009"}],"wp:attachment":[{"href":"https:\/\/habitatlimpio.com.ar\/index.php\/wp-json\/wp\/v2\/media?parent=7"}],"curies":[{"name":"wp","href":"https:\/\/api.w.org\/{rel}","templated":true}]}}