{"id":1528,"date":"2022-08-26T21:15:43","date_gmt":"2022-08-26T21:15:43","guid":{"rendered":"https:\/\/habitatlimpio.com.ar\/?page_id=1528"},"modified":"2023-09-12T18:41:01","modified_gmt":"2023-09-12T18:41:01","slug":"recuperacion-y-proteccion-de-pisos","status":"publish","type":"page","link":"https:\/\/habitatlimpio.com.ar\/index.php\/services\/recuperacion-y-proteccion-de-pisos\/","title":{"rendered":"Recuperaci\u00f3n y Protecci\u00f3n de Pisos"},"content":{"rendered":"\n<div class=\"wp-block-cover alignwide is-light has-parallax\"><span aria-hidden=\"true\" class=\"wp-block-cover__background has-background-dim\"><\/span><div role=\"img\" class=\"wp-block-cover__image-background wp-image-1377 has-parallax\" style=\"background-position:50% 50%;background-image:url(https:\/\/habitatlimpio.com.ar\/wp-content\/uploads\/2022\/08\/mopa-1024x683.jpg)\"><\/div><div class=\"wp-block-cover__inner-container is-layout-flow wp-block-cover-is-layout-flow\">\n<h2 class=\"wp-block-heading\" style=\"font-size:40px\">Recuperaci\u00f3n y Protecci\u00f3n de Pisos<\/h2>\n<\/div><\/div>\n\n\n\n<p><\/p>\n\n\n\n<div style=\"height:0px\" aria-hidden=\"true\" class=\"wp-block-spacer\"><\/div>\n\n\n\n<p class=\"has-text-align-center has-text-color has-medium-font-size\" style=\"color:#8491b1\"><em>Este Servicio es un Tratamiento de Alta Eficiencia y Profesionalismo.<\/em><\/p>\n\n\n\n<hr class=\"wp-block-separator has-text-color has-alpha-channel-opacity has-background is-style-wide\" style=\"background-color:#06f1e1;color:#06f1e1\"\/>\n\n\n\n<div style=\"height:32px\" aria-hidden=\"true\" class=\"wp-block-spacer\"><\/div>\n\n\n\n<p class=\"has-text-align-center has-text-color has-medium-font-size\" style=\"color:#8491b1\">Al abordar la limpieza o tratamiento de pisos, disponemos de m\u00e1quinas especiales y los mejores productos del mercado para dicha actividad.<\/p>\n\n\n\n<p class=\"has-text-align-center has-text-color has-medium-font-size\" style=\"color:#8491b1\">Realizamos tratamientos de pisos duros y blandos, aplicamos t\u00e9cnicas adecuadas y supervisi\u00f3n especializada en esta actividad, evitando as\u00ed, el da\u00f1o de los mismos.<\/p>\n\n\n\n<figure class=\"wp-block-image alignwide size-full is-style-default\"><img loading=\"lazy\" decoding=\"async\" width=\"2560\" height=\"1709\" src=\"https:\/\/habitatlimpio.com.ar\/wp-content\/uploads\/2022\/08\/escalera-scaled.jpg\" alt=\"\" class=\"wp-image-1291\"\/><\/figure>\n\n\n\n<div style=\"height:36px\" aria-hidden=\"true\" class=\"wp-block-spacer\"><\/div>\n\n\n\n<p class=\"has-text-align-center has-text-color has-medium-font-size\" style=\"color:#8491b1\">Los productos que utilizamos brindan un acabado de poliuretano compuesto por pol\u00edmeros uret\u00e1nicos y acr\u00edlicos que proporcionan un excelente nivel de brillo y mayor durabilidad en sus acabados. Adem\u00e1s, <em>proporcionan un efecto de piso mojado y antideslizante. <\/em><\/p>\n\n\n\n<p class=\"has-text-align-center has-text-color has-medium-font-size\" style=\"color:#8491b1\">Su transparencia caracter\u00edstica, permite mantener el color original del piso. Esta exclusiva f\u00f3rmula <strong>protege<\/strong> <strong>los pisos<\/strong> formando una capa impermeabilizante <strong>resistente a pisadas, rayones, marcas y suciedades<\/strong>, facilitando el mantenimiento diario de las superficies.<\/p>\n\n\n\n<figure class=\"wp-block-image alignleft size-large is-resized\"><img loading=\"lazy\" decoding=\"async\" src=\"https:\/\/habitatlimpio.com.ar\/wp-content\/uploads\/2022\/08\/home-office-interior-room-2804083-1024x576.jpg\" alt=\"home office, interior, room-2804083.jpg\" class=\"wp-image-1529\" width=\"702\" height=\"395\" srcset=\"https:\/\/habitatlimpio.com.ar\/wp-content\/uploads\/2022\/08\/home-office-interior-room-2804083-1024x576.jpg 1024w, https:\/\/habitatlimpio.com.ar\/wp-content\/uploads\/2022\/08\/home-office-interior-room-2804083-300x169.jpg 300w, https:\/\/habitatlimpio.com.ar\/wp-content\/uploads\/2022\/08\/home-office-interior-room-2804083-768x432.jpg 768w, https:\/\/habitatlimpio.com.ar\/wp-content\/uploads\/2022\/08\/home-office-interior-room-2804083.jpg 1280w\" sizes=\"auto, (max-width: 702px) 100vw, 702px\" \/><\/figure>\n\n\n\n<p><\/p>\n\n\n\n<p><\/p>\n\n\n\n<p class=\"has-text-align-center has-text-color has-medium-font-size\" style=\"color:#8491b1\"><em>Estos tratamientos son ideales para alto tr\u00e1nsito, grandes \u00e1reas, pisos de mosaico, m\u00e1rmol, PVC, goma, flexiplast, pl\u00e1sticos, etc.<\/em><\/p>\n\n\n\n<div style=\"height:54px\" aria-hidden=\"true\" class=\"wp-block-spacer\"><\/div>\n\n\n\n<div class=\"wp-block-buttons is-layout-flex wp-block-buttons-is-layout-flex\">\n<div class=\"wp-block-button aligncenter\"><a class=\"wp-block-button__link has-background wp-element-button\" href=\"https:\/\/habitatlimpio.com.ar\/index.php\/services\/\" style=\"background-color:#1efaf3e0\">volver a nuestros servicios<\/a><\/div>\n<\/div>\n","protected":false},"excerpt":{"rendered":"<p>Este Servicio es un Tratamiento de Alta Eficiencia y Profesionalismo. Al abordar la limpieza o tratamiento de pisos, disponemos de m\u00e1quinas especiales y los mejores productos del mercado para dicha actividad. Realizamos tratamientos de pisos duros y blandos, aplicamos t\u00e9cnicas adecuadas y supervisi\u00f3n especializada en esta actividad, evitando as\u00ed, el da\u00f1o de los mismos. Los [&hellip;]<\/p>\n","protected":false},"author":1,"featured_media":0,"parent":8,"menu_order":5,"comment_status":"closed","ping_status":"closed","template":"","meta":{"site-sidebar-layout":"default","site-content-layout":"","ast-site-content-layout":"","site-content-style":"default","site-sidebar-style":"default","ast-global-header-display":"","ast-banner-title-visibility":"","ast-main-header-display":"","ast-hfb-above-header-display":"","ast-hfb-below-header-display":"","ast-hfb-mobile-header-display":"","site-post-title":"disabled","ast-breadcrumbs-content":"","ast-featured-img":"","footer-sml-layout":"","theme-transparent-header-meta":"","adv-header-id-meta":"","stick-header-meta":"","header-above-stick-meta":"","header-main-stick-meta":"","header-below-stick-meta":"","astra-migrate-meta-layouts":"default","ast-page-background-enabled":"default","ast-page-background-meta":{"desktop":{"background-color":"var(--ast-global-color-4)","background-image":"","background-repeat":"repeat","background-position":"center center","background-size":"auto","background-attachment":"scroll","background-type":"","background-media":"","overlay-type":"","overlay-color":"","overlay-gradient":""},"tablet":{"background-color":"","background-image":"","background-repeat":"repeat","background-position":"center center","background-size":"auto","background-attachment":"scroll","background-type":"","background-media":"","overlay-type":"","overlay-color":"","overlay-gradient":""},"mobile":{"background-color":"","background-image":"","background-repeat":"repeat","background-position":"center center","background-size":"auto","background-attachment":"scroll","background-type":"","background-media":"","overlay-type":"","overlay-color":"","overlay-gradient":""}},"ast-content-background-meta":{"desktop":{"background-color":"var(--ast-global-color-5)","background-image":"","background-repeat":"repeat","background-position":"center center","background-size":"auto","background-attachment":"scroll","background-type":"","background-media":"","overlay-type":"","overlay-color":"","overlay-gradient":""},"tablet":{"background-color":"var(--ast-global-color-5)","background-image":"","background-repeat":"repeat","background-position":"center center","background-size":"auto","background-attachment":"scroll","background-type":"","background-media":"","overlay-type":"","overlay-color":"","overlay-gradient":""},"mobile":{"background-color":"var(--ast-global-color-5)","background-image":"","background-repeat":"repeat","background-position":"center center","background-size":"auto","background-attachment":"scroll","background-type":"","background-media":"","overlay-type":"","overlay-color":"","overlay-gradient":""}},"footnotes":""},"class_list":["post-1528","page","type-page","status-publish","hentry"],"_links":{"self":[{"href":"https:\/\/habitatlimpio.com.ar\/index.php\/wp-json\/wp\/v2\/pages\/1528","targetHints":{"allow":["GET"]}}],"collection":[{"href":"https:\/\/habitatlimpio.com.ar\/index.php\/wp-json\/wp\/v2\/pages"}],"about":[{"href":"https:\/\/habitatlimpio.com.ar\/index.php\/wp-json\/wp\/v2\/types\/page"}],"author":[{"embeddable":true,"href":"https:\/\/habitatlimpio.com.ar\/index.php\/wp-json\/wp\/v2\/users\/1"}],"replies":[{"embeddable":true,"href":"https:\/\/habitatlimpio.com.ar\/index.php\/wp-json\/wp\/v2\/comments?post=1528"}],"version-history":[{"count":12,"href":"https:\/\/habitatlimpio.com.ar\/index.php\/wp-json\/wp\/v2\/pages\/1528\/revisions"}],"predecessor-version":[{"id":2001,"href":"https:\/\/habitatlimpio.com.ar\/index.php\/wp-json\/wp\/v2\/pages\/1528\/revisions\/2001"}],"up":[{"embeddable":true,"href":"https:\/\/habitatlimpio.com.ar\/index.php\/wp-json\/wp\/v2\/pages\/8"}],"wp:attachment":[{"href":"https:\/\/habitatlimpio.com.ar\/index.php\/wp-json\/wp\/v2\/media?parent=1528"}],"curies":[{"name":"wp","href":"https:\/\/api.w.org\/{rel}","templated":true}]}}