{"id":1472,"date":"2022-08-26T19:26:57","date_gmt":"2022-08-26T19:26:57","guid":{"rendered":"https:\/\/habitatlimpio.com.ar\/?page_id=1472"},"modified":"2023-09-12T18:42:43","modified_gmt":"2023-09-12T18:42:43","slug":"aromatizacion-de-ambientes","status":"publish","type":"page","link":"https:\/\/habitatlimpio.com.ar\/index.php\/services\/aromatizacion-de-ambientes\/","title":{"rendered":"Aromatizaci\u00f3n de Ambientes"},"content":{"rendered":"\n<div class=\"wp-block-cover alignfull is-light has-parallax\" style=\"min-height:503px;aspect-ratio:unset;\"><span aria-hidden=\"true\" class=\"wp-block-cover__background has-background-dim\"><\/span><div role=\"img\" class=\"wp-block-cover__image-background wp-image-1473 has-parallax\" style=\"background-position:50% 50%;background-image:url(https:\/\/habitatlimpio.com.ar\/wp-content\/uploads\/2022\/08\/scent-sticks-fragrance-1431053.jpg)\"><\/div><div class=\"wp-block-cover__inner-container is-layout-flow wp-block-cover-is-layout-flow\">\n<p class=\"has-text-align-center\" style=\"font-size:40px\">Aromatizaci\u00f3n de Ambientes<\/p>\n<\/div><\/div>\n\n\n\n<div style=\"height:56px\" aria-hidden=\"true\" class=\"wp-block-spacer\"><\/div>\n\n\n\n<div class=\"wp-block-media-text alignwide is-stacked-on-mobile\" style=\"grid-template-columns:32% auto\"><figure class=\"wp-block-media-text__media\"><img loading=\"lazy\" decoding=\"async\" width=\"1650\" height=\"2560\" src=\"https:\/\/habitatlimpio.com.ar\/wp-content\/uploads\/2022\/08\/pexels-monicore-338351-scaled.jpg\" alt=\"\" class=\"wp-image-1479 size-full\" srcset=\"https:\/\/habitatlimpio.com.ar\/wp-content\/uploads\/2022\/08\/pexels-monicore-338351-scaled.jpg 1650w, https:\/\/habitatlimpio.com.ar\/wp-content\/uploads\/2022\/08\/pexels-monicore-338351-193x300.jpg 193w, https:\/\/habitatlimpio.com.ar\/wp-content\/uploads\/2022\/08\/pexels-monicore-338351-660x1024.jpg 660w\" sizes=\"auto, (max-width: 1650px) 100vw, 1650px\" \/><\/figure><div class=\"wp-block-media-text__content\">\n<p class=\"has-text-color has-medium-font-size\" style=\"color:#8491b1\">Una adecuada aromatizaci\u00f3n e higiene es uno de los m\u00e1s complejos desaf\u00edos para las empresas. Por este motivo H\u00e1bitat Limpio le ofrece un sistema de equipos autom\u00e1ticos programables y servicios para la utilizaci\u00f3n y mantenimiento de los mismos.<\/p>\n\n\n\n<p class=\"has-text-color has-medium-font-size\" style=\"color:#8491b1\">Le ofrecemos productos y servicios que pueden ser utilizados en oficinas, boutiques, hoteles, comercios, salas de conferencias, casas de familia, bares y restaurantes, toilettes, vestuarios, veterinarias, geri\u00e1tricos, shoppings, locales de ropa, hospitales, centros m\u00e9dicos, etc.<\/p>\n\n\n\n<p class=\"has-text-color has-medium-font-size\" style=\"color:#8491b1\">Los equipos de \u00faltima generaci\u00f3n cuentan con un dise\u00f1o est\u00e9tico que sirve para mantener los ambientes perfumados y libres de olores indeseables. Perfuma con fragancias concentradas de excelente calidad que no tienen punto de comparaci\u00f3n con los desodorantes cl\u00e1sicos en aerosol.<\/p>\n\n\n\n<p class=\"has-text-color has-medium-font-size\" style=\"color:#8491b1\">Este servicio se compone por:<\/p>\n\n\n\n<ul class=\"wp-block-list\">\n<li>La provisi\u00f3n del equipo aromatizador digital<\/li>\n\n\n\n<li>La reposici\u00f3n de fragancias a elecci\u00f3n del cliente<\/li>\n\n\n\n<li>El control de la programaci\u00f3n del sistema<\/li>\n\n\n\n<li>La reposici\u00f3n de las bater\u00edas alcalinas<\/li>\n<\/ul>\n\n\n\n<p class=\"has-text-color has-medium-font-size\" style=\"color:#8491b1\"><em>*El intervalo de aplicaci\u00f3n del dispositivo se podr\u00e1 configurar a gusto del cliente.<\/em><\/p>\n<\/div><\/div>\n\n\n\n<div style=\"height:46px\" aria-hidden=\"true\" class=\"wp-block-spacer\"><\/div>\n\n\n\n<div style=\"height:60px\" aria-hidden=\"true\" class=\"wp-block-spacer\"><\/div>\n\n\n\n<figure class=\"wp-block-image alignwide size-full animated zoomInUp slower delay-1s\"><img loading=\"lazy\" decoding=\"async\" width=\"680\" height=\"234\" src=\"https:\/\/habitatlimpio.com.ar\/wp-content\/uploads\/2022\/08\/dispensers.png\" alt=\"\" class=\"wp-image-1496\" srcset=\"https:\/\/habitatlimpio.com.ar\/wp-content\/uploads\/2022\/08\/dispensers.png 680w, https:\/\/habitatlimpio.com.ar\/wp-content\/uploads\/2022\/08\/dispensers-300x103.png 300w\" sizes=\"auto, (max-width: 680px) 100vw, 680px\" \/><\/figure>\n\n\n\n<div style=\"height:46px\" aria-hidden=\"true\" class=\"wp-block-spacer\"><\/div>\n\n\n\n<div class=\"wp-block-buttons is-layout-flex wp-block-buttons-is-layout-flex\">\n<div class=\"wp-block-button aligncenter\"><a class=\"wp-block-button__link has-background wp-element-button\" href=\"https:\/\/habitatlimpio.com.ar\/index.php\/services\/\" style=\"background-color:#06f3f1f2\">volver a nuestros servicios<\/a><\/div>\n<\/div>\n\n\n\n<div style=\"height:46px\" aria-hidden=\"true\" class=\"wp-block-spacer\"><\/div>\n","protected":false},"excerpt":{"rendered":"","protected":false},"author":1,"featured_media":0,"parent":8,"menu_order":6,"comment_status":"closed","ping_status":"closed","template":"","meta":{"site-sidebar-layout":"default","site-content-layout":"","ast-site-content-layout":"","site-content-style":"default","site-sidebar-style":"default","ast-global-header-display":"","ast-banner-title-visibility":"","ast-main-header-display":"","ast-hfb-above-header-display":"","ast-hfb-below-header-display":"","ast-hfb-mobile-header-display":"","site-post-title":"disabled","ast-breadcrumbs-content":"","ast-featured-img":"","footer-sml-layout":"","theme-transparent-header-meta":"","adv-header-id-meta":"","stick-header-meta":"","header-above-stick-meta":"","header-main-stick-meta":"","header-below-stick-meta":"","astra-migrate-meta-layouts":"default","ast-page-background-enabled":"default","ast-page-background-meta":{"desktop":{"background-color":"var(--ast-global-color-4)","background-image":"","background-repeat":"repeat","background-position":"center center","background-size":"auto","background-attachment":"scroll","background-type":"","background-media":"","overlay-type":"","overlay-color":"","overlay-gradient":""},"tablet":{"background-color":"","background-image":"","background-repeat":"repeat","background-position":"center center","background-size":"auto","background-attachment":"scroll","background-type":"","background-media":"","overlay-type":"","overlay-color":"","overlay-gradient":""},"mobile":{"background-color":"","background-image":"","background-repeat":"repeat","background-position":"center center","background-size":"auto","background-attachment":"scroll","background-type":"","background-media":"","overlay-type":"","overlay-color":"","overlay-gradient":""}},"ast-content-background-meta":{"desktop":{"background-color":"var(--ast-global-color-5)","background-image":"","background-repeat":"repeat","background-position":"center center","background-size":"auto","background-attachment":"scroll","background-type":"","background-media":"","overlay-type":"","overlay-color":"","overlay-gradient":""},"tablet":{"background-color":"var(--ast-global-color-5)","background-image":"","background-repeat":"repeat","background-position":"center center","background-size":"auto","background-attachment":"scroll","background-type":"","background-media":"","overlay-type":"","overlay-color":"","overlay-gradient":""},"mobile":{"background-color":"var(--ast-global-color-5)","background-image":"","background-repeat":"repeat","background-position":"center center","background-size":"auto","background-attachment":"scroll","background-type":"","background-media":"","overlay-type":"","overlay-color":"","overlay-gradient":""}},"footnotes":""},"class_list":["post-1472","page","type-page","status-publish","hentry"],"_links":{"self":[{"href":"https:\/\/habitatlimpio.com.ar\/index.php\/wp-json\/wp\/v2\/pages\/1472","targetHints":{"allow":["GET"]}}],"collection":[{"href":"https:\/\/habitatlimpio.com.ar\/index.php\/wp-json\/wp\/v2\/pages"}],"about":[{"href":"https:\/\/habitatlimpio.com.ar\/index.php\/wp-json\/wp\/v2\/types\/page"}],"author":[{"embeddable":true,"href":"https:\/\/habitatlimpio.com.ar\/index.php\/wp-json\/wp\/v2\/users\/1"}],"replies":[{"embeddable":true,"href":"https:\/\/habitatlimpio.com.ar\/index.php\/wp-json\/wp\/v2\/comments?post=1472"}],"version-history":[{"count":19,"href":"https:\/\/habitatlimpio.com.ar\/index.php\/wp-json\/wp\/v2\/pages\/1472\/revisions"}],"predecessor-version":[{"id":2002,"href":"https:\/\/habitatlimpio.com.ar\/index.php\/wp-json\/wp\/v2\/pages\/1472\/revisions\/2002"}],"up":[{"embeddable":true,"href":"https:\/\/habitatlimpio.com.ar\/index.php\/wp-json\/wp\/v2\/pages\/8"}],"wp:attachment":[{"href":"https:\/\/habitatlimpio.com.ar\/index.php\/wp-json\/wp\/v2\/media?parent=1472"}],"curies":[{"name":"wp","href":"https:\/\/api.w.org\/{rel}","templated":true}]}}